{"id":5380,"date":"2025-05-12T13:16:49","date_gmt":"2025-05-12T13:16:49","guid":{"rendered":"http:\/\/18.196.36.165\/product\/fm0017990-kerastase-nutritive-creme-magistral\/"},"modified":"2025-05-20T13:07:00","modified_gmt":"2025-05-20T13:07:00","slug":"fm0017990-kerastase-nutritive-creme-magistral","status":"publish","type":"product","link":"http:\/\/52.28.122.190\/ar\/product\/fm0017990-kerastase-nutritive-creme-magistral\/","title":{"rendered":"FM0017990 -Kerastase Nutritive &#8211; Cr\u00e8me Magistral"},"content":{"rendered":"<p>Cr\u00e8me Magistrale by K\u00e9rastase is a leave-in conditioner for very dry hair. Thanks to its creamy consistency, the product has a nourishing and thermo-protective effect, perfect for shielding the hair against the effects of heat styling.<\/p>\n<p>\u0627\u0644\u0645\u064a\u0632\u0627\u062a:<\/p>\n<p>highly nourishing<br \/>\nheat protectant<br \/>\nadds softness<br \/>\nApplication:<\/p>\n<p>Apply to clean, towel-dried hair.<br \/>\nMassage the lengths and ends of the hair.<br \/>\nStyle the hair as desired.<br \/>\nNo-rinse formula.<\/p>","protected":false},"excerpt":{"rendered":"<p>Cr\u00e8me Magistrale by K\u00e9rastase is a leave-in conditioner for very dry hair. Thanks to its creamy consistency, the product has a nourishing and thermo-protective effect, perfect for shielding the hair against the effects of heat styling. Features: highly nourishing heat protectant adds softness Application: Apply to clean, towel-dried hair. Massage the lengths and ends of [&hellip;]<\/p>","protected":false},"featured_media":6288,"comment_status":"open","ping_status":"closed","template":"","meta":{"_acf_changed":false},"product_brand":[140],"product_cat":[1313],"product_tag":[],"class_list":{"0":"post-5380","1":"product","2":"type-product","3":"status-publish","4":"has-post-thumbnail","6":"product_brand-kerastase","7":"product_cat-cosmetics","9":"first","10":"instock","11":"purchasable","12":"product-type-simple"},"acf":[],"_links":{"self":[{"href":"http:\/\/52.28.122.190\/ar\/wp-json\/wp\/v2\/product\/5380","targetHints":{"allow":["GET"]}}],"collection":[{"href":"http:\/\/52.28.122.190\/ar\/wp-json\/wp\/v2\/product"}],"about":[{"href":"http:\/\/52.28.122.190\/ar\/wp-json\/wp\/v2\/types\/product"}],"replies":[{"embeddable":true,"href":"http:\/\/52.28.122.190\/ar\/wp-json\/wp\/v2\/comments?post=5380"}],"wp:featuredmedia":[{"embeddable":true,"href":"http:\/\/52.28.122.190\/ar\/wp-json\/wp\/v2\/media\/6288"}],"wp:attachment":[{"href":"http:\/\/52.28.122.190\/ar\/wp-json\/wp\/v2\/media?parent=5380"}],"wp:term":[{"taxonomy":"product_brand","embeddable":true,"href":"http:\/\/52.28.122.190\/ar\/wp-json\/wp\/v2\/product_brand?post=5380"},{"taxonomy":"product_cat","embeddable":true,"href":"http:\/\/52.28.122.190\/ar\/wp-json\/wp\/v2\/product_cat?post=5380"},{"taxonomy":"product_tag","embeddable":true,"href":"http:\/\/52.28.122.190\/ar\/wp-json\/wp\/v2\/product_tag?post=5380"}],"curies":[{"name":"\u062f\u0628\u0644\u064a\u0648 \u0628\u064a","href":"https:\/\/api.w.org\/{rel}","templated":true}]}}