{"id":46058,"date":"2025-06-17T13:43:43","date_gmt":"2025-06-17T13:43:43","guid":{"rendered":"http:\/\/18.196.36.165\/product\/pokemon-clip-n-go-assorted\/"},"modified":"2025-06-22T11:09:23","modified_gmt":"2025-06-22T11:09:23","slug":"pokemon-clip-n-go-assorted","status":"publish","type":"product","link":"http:\/\/52.28.122.190\/ar\/product\/pokemon-clip-n-go-assorted\/","title":{"rendered":"Pokemon Clip N&#8217; Go Assorted"},"content":{"rendered":"<p>Bring Pok\u00e9mon battle play to life anywhere you go! Clip &#8216;N&#8217; Go Pok\u00e9 Balls allow you to carry and hold your Pok\u00e9mon like a real Pok\u00e9mon trainer! Each set includes one Pok\u00e9 Ball and one Pok\u00e9mon figure. Simply open the latch to reveal the figure inside. Add them all to your Pok\u00e9mon team! Gotta Catch \u2018Em All!<\/p>","protected":false},"excerpt":{"rendered":"<p>Bring Pok\u00e9mon battle play to life anywhere you go! Clip &#8216;N&#8217; Go Pok\u00e9 Balls allow you to carry and hold your Pok\u00e9mon like a real Pok\u00e9mon trainer! Each set includes one Pok\u00e9 Ball and one Pok\u00e9mon figure. Simply open the latch to reveal the figure inside. Add them all to your Pok\u00e9mon team! Gotta Catch [&hellip;]<\/p>","protected":false},"featured_media":49271,"comment_status":"open","ping_status":"closed","template":"","meta":{"_acf_changed":false},"product_brand":[4188],"product_cat":[4164],"product_tag":[4181],"class_list":{"0":"post-46058","1":"product","2":"type-product","3":"status-publish","4":"has-post-thumbnail","6":"product_brand-pokemon","7":"product_cat-collectibles","8":"product_tag-pokemon","10":"first","11":"instock","12":"purchasable","13":"product-type-simple"},"acf":[],"_links":{"self":[{"href":"http:\/\/52.28.122.190\/ar\/wp-json\/wp\/v2\/product\/46058","targetHints":{"allow":["GET"]}}],"collection":[{"href":"http:\/\/52.28.122.190\/ar\/wp-json\/wp\/v2\/product"}],"about":[{"href":"http:\/\/52.28.122.190\/ar\/wp-json\/wp\/v2\/types\/product"}],"replies":[{"embeddable":true,"href":"http:\/\/52.28.122.190\/ar\/wp-json\/wp\/v2\/comments?post=46058"}],"wp:featuredmedia":[{"embeddable":true,"href":"http:\/\/52.28.122.190\/ar\/wp-json\/wp\/v2\/media\/49271"}],"wp:attachment":[{"href":"http:\/\/52.28.122.190\/ar\/wp-json\/wp\/v2\/media?parent=46058"}],"wp:term":[{"taxonomy":"product_brand","embeddable":true,"href":"http:\/\/52.28.122.190\/ar\/wp-json\/wp\/v2\/product_brand?post=46058"},{"taxonomy":"product_cat","embeddable":true,"href":"http:\/\/52.28.122.190\/ar\/wp-json\/wp\/v2\/product_cat?post=46058"},{"taxonomy":"product_tag","embeddable":true,"href":"http:\/\/52.28.122.190\/ar\/wp-json\/wp\/v2\/product_tag?post=46058"}],"curies":[{"name":"\u062f\u0628\u0644\u064a\u0648 \u0628\u064a","href":"https:\/\/api.w.org\/{rel}","templated":true}]}}