{"id":46056,"date":"2025-06-17T13:43:42","date_gmt":"2025-06-17T13:43:42","guid":{"rendered":"http:\/\/18.196.36.165\/product\/pokemon-battle-figure-multi-8pack\/"},"modified":"2025-06-22T11:12:25","modified_gmt":"2025-06-22T11:12:25","slug":"pokemon-battle-figure-multi-8pack","status":"publish","type":"product","link":"http:\/\/52.28.122.190\/ar\/product\/pokemon-battle-figure-multi-8pack\/","title":{"rendered":"\u0628\u0648\u0643\u064a\u0645\u0648\u0646 \u0628\u0648\u0643\u064a\u0645\u0648\u0646 \u0628\u0627\u062a\u0644 \u0645\u062c\u0633\u0645 \u0628\u0648\u0643\u064a\u0645\u0648\u0646 \u0645\u062a\u0639\u062f\u062f 8 \u062d\u0632\u0645\u0629"},"content":{"rendered":"<p>Bring the Pok\u00e9mon world to the real world with this incredible 8 Figure Pack! This 8-Pack features dynamic and detailed 2\u2033 figures and poseable 3\u2033 in-scale figures with articulation! Each selection included in this 8-pack are all-time fan-favorite Pok\u00e9mon. Add this deluxe 8-Pack to your Pok\u00e9mon team for battle bragging rights and to be one step closer to becoming a Pok\u00e9mon Master! Gotta Catch \u2018Em All!\u2122 An Officially licensed Pok\u00e9mon product from Jazwares!<\/p>","protected":false},"excerpt":{"rendered":"<p>Bring the Pok\u00e9mon world to the real world with this incredible 8 Figure Pack! This 8-Pack features dynamic and detailed 2\u2033 figures and poseable 3\u2033 in-scale figures with articulation! Each selection included in this 8-pack are all-time fan-favorite Pok\u00e9mon. Add this deluxe 8-Pack to your Pok\u00e9mon team for battle bragging rights and to be one [&hellip;]<\/p>","protected":false},"featured_media":49277,"comment_status":"open","ping_status":"closed","template":"","meta":{"_acf_changed":false},"product_brand":[4188],"product_cat":[4164],"product_tag":[4181],"class_list":{"0":"post-46056","1":"product","2":"type-product","3":"status-publish","4":"has-post-thumbnail","6":"product_brand-pokemon","7":"product_cat-collectibles","8":"product_tag-pokemon","10":"first","11":"instock","12":"purchasable","13":"product-type-simple"},"acf":[],"_links":{"self":[{"href":"http:\/\/52.28.122.190\/ar\/wp-json\/wp\/v2\/product\/46056","targetHints":{"allow":["GET"]}}],"collection":[{"href":"http:\/\/52.28.122.190\/ar\/wp-json\/wp\/v2\/product"}],"about":[{"href":"http:\/\/52.28.122.190\/ar\/wp-json\/wp\/v2\/types\/product"}],"replies":[{"embeddable":true,"href":"http:\/\/52.28.122.190\/ar\/wp-json\/wp\/v2\/comments?post=46056"}],"wp:featuredmedia":[{"embeddable":true,"href":"http:\/\/52.28.122.190\/ar\/wp-json\/wp\/v2\/media\/49277"}],"wp:attachment":[{"href":"http:\/\/52.28.122.190\/ar\/wp-json\/wp\/v2\/media?parent=46056"}],"wp:term":[{"taxonomy":"product_brand","embeddable":true,"href":"http:\/\/52.28.122.190\/ar\/wp-json\/wp\/v2\/product_brand?post=46056"},{"taxonomy":"product_cat","embeddable":true,"href":"http:\/\/52.28.122.190\/ar\/wp-json\/wp\/v2\/product_cat?post=46056"},{"taxonomy":"product_tag","embeddable":true,"href":"http:\/\/52.28.122.190\/ar\/wp-json\/wp\/v2\/product_tag?post=46056"}],"curies":[{"name":"\u062f\u0628\u0644\u064a\u0648 \u0628\u064a","href":"https:\/\/api.w.org\/{rel}","templated":true}]}}