{"id":42968,"date":"2025-06-17T13:24:12","date_gmt":"2025-06-17T13:24:12","guid":{"rendered":"http:\/\/18.196.36.165\/product\/pinata-smashlings-figure-11-5cm-character-pack-assorted\/"},"modified":"2025-06-26T11:57:12","modified_gmt":"2025-06-26T11:57:12","slug":"pinata-smashlings-figure-11-5cm-character-pack-assorted","status":"publish","type":"product","link":"http:\/\/52.28.122.190\/ar\/product\/pinata-smashlings-figure-11-5cm-character-pack-assorted\/","title":{"rendered":"Pinata Smashlings Figure 11.5Cm &#038; Character Pack Assorted"},"content":{"rendered":"<p>\u0646\u0642\u062f\u0645 \u0644\u0643\u0645 \u0639\u0627\u0644\u0645 \u0628\u064a\u0646\u064a\u0627\u062a\u0627 \u0633\u0645\u0627\u0634\u0644\u064a\u0646\u063a\u0632! \u0627\u0643\u062a\u0634\u0641 \u0639\u0627\u0644\u0645 \u0628\u064a\u0646\u0627\u062a\u0627 \u0641\u064a\u0641\u0631\u060c \u0645\u0648\u0637\u0646 \u0627\u0644\u0628\u064a\u0646\u0627\u062a\u0627 \u0627\u0644\u062d\u0643\u064a\u0645\u0629\u060c \u0648\u0627\u0644\u0645\u064a\u0646\u0627\u062a\u0627 \u0627\u0644\u0645\u0627\u0643\u0631\u0629\u060c \u0648\u0627\u0644\u0628\u0627\u0634\u0644\u064a\u0646\u063a\u0632 \u0627\u0644\u0645\u0631\u064a\u0631\u0629 \u0648\u0627\u0644\u0643\u062b\u064a\u0631 \u0645\u0646 \u0627\u0644\u0628\u064a\u0646\u0627\u062a\u0627 \u0633\u0645\u0627\u0634\u0644\u064a\u0646\u063a\u0632 \u0627\u0644\u0631\u0627\u0626\u0639\u0629 \u0648\u0627\u0644\u0631\u0627\u0626\u0639\u0629. \u064a\u0645\u0643\u0646\u0643 \u0627\u0644\u0622\u0646 \u0625\u062d\u064a\u0627\u0621 \u0627\u0644\u0639\u0627\u0644\u0645 \u0627\u0644\u0633\u062d\u0631\u064a \u0627\u0644\u0645\u0644\u064a\u0621 \u0628\u0627\u0644\u0645\u0631\u062d \u0641\u064a \u0644\u0639\u0628\u0629 \u0628\u064a\u0646\u064a\u0627\u062a\u0627 \u0633\u0645\u0627\u0634\u0644\u064a\u0646\u063a\u0632 Roblox \u0641\u064a \u0627\u0644\u0645\u0646\u0632\u0644 \u0645\u0639 \u0645\u062c\u0645\u0648\u0639\u0629 \u0623\u0644\u0639\u0627\u0628 \u0628\u064a\u0646\u064a\u0627\u062a\u0627 \u0633\u0645\u0627\u0634\u0644\u064a\u0646\u063a\u0632 \u0627\u0644\u0631\u0627\u0626\u0639\u0629! \u0627\u0644\u062a\u0642\u0637 \u062a\u0644\u0643 \u0627\u0644\u0628\u064a\u0646\u0627\u062a\u0627 \u0633\u0645\u0627\u0634\u0644\u064a\u0646\u063a\u0632! \u0642\u0627\u0628\u0644 \"\u0645\u0648\"\u060c \u0646\u0645\u0631 \u0627\u0644\u0628\u0646\u064a\u0627\u062a\u0627 \u0633\u0631\u064a\u0639 \u0627\u0644\u0639\u0635\u0627 \u0627\u0644\u0633\u0631\u064a\u0639\u060c \u0627\u0644\u0645\u0639\u0631\u0648\u0641 \u0628\u0627\u0645\u062a\u0644\u0627\u0643\u0647 \u0623\u0633\u0631\u0639 \u062a\u0642\u0646\u064a\u0629 \u0639\u0635\u0627 \u0641\u064a \u0644\u0639\u0628\u0629 \u0628\u064a\u0646\u064a\u0627\u062a\u0627 \u0633\u0645\u0627\u0634\u0644\u064a\u0646\u063a\u0632 \u0628\u0623\u0643\u0645\u0644\u0647\u0627<\/p>","protected":false},"excerpt":{"rendered":"<p>Introducing the world of Pi\u00f1ata Smashlings! Discover the Pi\u00f1ataverse, home to wise Pi\u00f1atas, scheming Mea\u00f1atas, bitter Bashlings and LOTS of adorable, cheeky Smashlings. Now you can bring the magical, fun filled world of the Pi\u00f1ata Smashlings Roblox game to life at home, with the adorable Pi\u00f1ata Smashlings Toy Range! Catch that Smashling! Meet Mo, the [&hellip;]<\/p>","protected":false},"featured_media":53377,"comment_status":"open","ping_status":"closed","template":"","meta":{"_acf_changed":false},"product_brand":[4681],"product_cat":[4164],"product_tag":[4679],"class_list":{"0":"post-42968","1":"product","2":"type-product","3":"status-publish","4":"has-post-thumbnail","6":"product_brand-pinata-smashlings","7":"product_cat-collectibles","8":"product_tag-pinata-smashlings","10":"first","11":"instock","12":"purchasable","13":"product-type-simple"},"acf":[],"_links":{"self":[{"href":"http:\/\/52.28.122.190\/ar\/wp-json\/wp\/v2\/product\/42968","targetHints":{"allow":["GET"]}}],"collection":[{"href":"http:\/\/52.28.122.190\/ar\/wp-json\/wp\/v2\/product"}],"about":[{"href":"http:\/\/52.28.122.190\/ar\/wp-json\/wp\/v2\/types\/product"}],"replies":[{"embeddable":true,"href":"http:\/\/52.28.122.190\/ar\/wp-json\/wp\/v2\/comments?post=42968"}],"wp:featuredmedia":[{"embeddable":true,"href":"http:\/\/52.28.122.190\/ar\/wp-json\/wp\/v2\/media\/53377"}],"wp:attachment":[{"href":"http:\/\/52.28.122.190\/ar\/wp-json\/wp\/v2\/media?parent=42968"}],"wp:term":[{"taxonomy":"product_brand","embeddable":true,"href":"http:\/\/52.28.122.190\/ar\/wp-json\/wp\/v2\/product_brand?post=42968"},{"taxonomy":"product_cat","embeddable":true,"href":"http:\/\/52.28.122.190\/ar\/wp-json\/wp\/v2\/product_cat?post=42968"},{"taxonomy":"product_tag","embeddable":true,"href":"http:\/\/52.28.122.190\/ar\/wp-json\/wp\/v2\/product_tag?post=42968"}],"curies":[{"name":"\u062f\u0628\u0644\u064a\u0648 \u0628\u064a","href":"https:\/\/api.w.org\/{rel}","templated":true}]}}