{"id":42964,"date":"2025-06-17T13:24:10","date_gmt":"2025-06-17T13:24:10","guid":{"rendered":"http:\/\/18.196.36.165\/product\/pinata-smashlings-huggable-plush-30cm-assorted\/"},"modified":"2025-06-26T12:09:59","modified_gmt":"2025-06-26T12:09:59","slug":"pinata-smashlings-huggable-plush-30cm-assorted","status":"publish","type":"product","link":"http:\/\/52.28.122.190\/ar\/product\/pinata-smashlings-huggable-plush-30cm-assorted\/","title":{"rendered":"Pinata Smashlings Huggable Plush 30Cm Assorted"},"content":{"rendered":"<p>Reenact your favorite gameplays and experience new adventures with Dazzle the Donkey Huggable Plush! Standing 12-inch tall, the Pi\u00f1ata Smashlings soft huggable plush toys are sure to lighten up anyone\u2019s day!INTRODUCING THE PI\u00d1ATA SMASHLINGS TOY LINE! The Roblox game that has been making waves all over the world is now coming to life! Go on daily adventures with your Pi\u00f1ata Smashlings Roblox Toys! 4 Different 12-inch Tall Plushies to Collect. Each Plush Toy Comes with a Redeemable Digital Code for the Pi\u00f1ata Smashlings Roblox Game! GREAT TOY GIFTS: The perfect birthday gifts for girls and boys, Roblox fans, and collectors! Great for birthday parties, playdates, and gifting &#8211; Pi\u00f1ata Smashlings bring joy and thrill to kids of all ages! OFFICIAL PI\u00d1ATA SMASHLINGS TOYS: all Pi\u00f1ata Smashlings toys, plush and playsets are exclusively licensed from Toikido.<\/p>","protected":false},"excerpt":{"rendered":"<p>Reenact your favorite gameplays and experience new adventures with Dazzle the Donkey Huggable Plush! Standing 12-inch tall, the Pi\u00f1ata Smashlings soft huggable plush toys are sure to lighten up anyone\u2019s day!INTRODUCING THE PI\u00d1ATA SMASHLINGS TOY LINE! The Roblox game that has been making waves all over the world is now coming to life! Go on [&hellip;]<\/p>","protected":false},"featured_media":53400,"comment_status":"open","ping_status":"closed","template":"","meta":{"_acf_changed":false},"product_brand":[4681],"product_cat":[4164],"product_tag":[4679],"class_list":{"0":"post-42964","1":"product","2":"type-product","3":"status-publish","4":"has-post-thumbnail","6":"product_brand-pinata-smashlings","7":"product_cat-collectibles","8":"product_tag-pinata-smashlings","10":"first","11":"instock","12":"purchasable","13":"product-type-simple"},"acf":[],"_links":{"self":[{"href":"http:\/\/52.28.122.190\/ar\/wp-json\/wp\/v2\/product\/42964","targetHints":{"allow":["GET"]}}],"collection":[{"href":"http:\/\/52.28.122.190\/ar\/wp-json\/wp\/v2\/product"}],"about":[{"href":"http:\/\/52.28.122.190\/ar\/wp-json\/wp\/v2\/types\/product"}],"replies":[{"embeddable":true,"href":"http:\/\/52.28.122.190\/ar\/wp-json\/wp\/v2\/comments?post=42964"}],"wp:featuredmedia":[{"embeddable":true,"href":"http:\/\/52.28.122.190\/ar\/wp-json\/wp\/v2\/media\/53400"}],"wp:attachment":[{"href":"http:\/\/52.28.122.190\/ar\/wp-json\/wp\/v2\/media?parent=42964"}],"wp:term":[{"taxonomy":"product_brand","embeddable":true,"href":"http:\/\/52.28.122.190\/ar\/wp-json\/wp\/v2\/product_brand?post=42964"},{"taxonomy":"product_cat","embeddable":true,"href":"http:\/\/52.28.122.190\/ar\/wp-json\/wp\/v2\/product_cat?post=42964"},{"taxonomy":"product_tag","embeddable":true,"href":"http:\/\/52.28.122.190\/ar\/wp-json\/wp\/v2\/product_tag?post=42964"}],"curies":[{"name":"\u062f\u0628\u0644\u064a\u0648 \u0628\u064a","href":"https:\/\/api.w.org\/{rel}","templated":true}]}}