{"id":42305,"date":"2025-06-17T13:20:19","date_gmt":"2025-06-17T13:20:19","guid":{"rendered":"http:\/\/18.196.36.165\/product\/pokemon-trainor-mission\/"},"modified":"2025-06-28T13:01:04","modified_gmt":"2025-06-28T13:01:04","slug":"pokemon-trainor-mission","status":"publish","type":"product","link":"http:\/\/52.28.122.190\/ar\/product\/pokemon-trainor-mission\/","title":{"rendered":"Pokemon Trainor Mission"},"content":{"rendered":"<p>Put on your Trainer cap, choose your Pok\u00e9mon and challenge your friends! The electronic Game master will give some information on Pok\u00e9mon. It\u2019s up to you to guess if it\u2019s true or false! Who will be the best Pok\u00e9mon Trainer? Pok\u00e9mon Trainer Trivia has 1,000 questions to turn you and your friends into real Pok\u00e9mon experts! Try to beat your top score in Single Player Mode or challenge your friends in Multiplayer Mode! The Pok\u00e9mon Trainer Game Master takes care of everything\u2026 from explaining the rules, to asking the questions, to keeping the scores.<\/p>","protected":false},"excerpt":{"rendered":"<p>Put on your Trainer cap, choose your Pok\u00e9mon and challenge your friends! The electronic Game master will give some information on Pok\u00e9mon. It\u2019s up to you to guess if it\u2019s true or false! Who will be the best Pok\u00e9mon Trainer? Pok\u00e9mon Trainer Trivia has 1,000 questions to turn you and your friends into real Pok\u00e9mon [&hellip;]<\/p>","protected":false},"featured_media":54024,"comment_status":"open","ping_status":"closed","template":"","meta":{"_acf_changed":false},"product_brand":[4188],"product_cat":[4164],"product_tag":[4181],"class_list":{"0":"post-42305","1":"product","2":"type-product","3":"status-publish","4":"has-post-thumbnail","6":"product_brand-pokemon","7":"product_cat-collectibles","8":"product_tag-pokemon","10":"first","11":"outofstock","12":"purchasable","13":"product-type-simple"},"acf":[],"_links":{"self":[{"href":"http:\/\/52.28.122.190\/ar\/wp-json\/wp\/v2\/product\/42305","targetHints":{"allow":["GET"]}}],"collection":[{"href":"http:\/\/52.28.122.190\/ar\/wp-json\/wp\/v2\/product"}],"about":[{"href":"http:\/\/52.28.122.190\/ar\/wp-json\/wp\/v2\/types\/product"}],"replies":[{"embeddable":true,"href":"http:\/\/52.28.122.190\/ar\/wp-json\/wp\/v2\/comments?post=42305"}],"wp:featuredmedia":[{"embeddable":true,"href":"http:\/\/52.28.122.190\/ar\/wp-json\/wp\/v2\/media\/54024"}],"wp:attachment":[{"href":"http:\/\/52.28.122.190\/ar\/wp-json\/wp\/v2\/media?parent=42305"}],"wp:term":[{"taxonomy":"product_brand","embeddable":true,"href":"http:\/\/52.28.122.190\/ar\/wp-json\/wp\/v2\/product_brand?post=42305"},{"taxonomy":"product_cat","embeddable":true,"href":"http:\/\/52.28.122.190\/ar\/wp-json\/wp\/v2\/product_cat?post=42305"},{"taxonomy":"product_tag","embeddable":true,"href":"http:\/\/52.28.122.190\/ar\/wp-json\/wp\/v2\/product_tag?post=42305"}],"curies":[{"name":"\u062f\u0628\u0644\u064a\u0648 \u0628\u064a","href":"https:\/\/api.w.org\/{rel}","templated":true}]}}