{"id":39886,"date":"2025-06-17T13:07:11","date_gmt":"2025-06-17T13:07:11","guid":{"rendered":"http:\/\/18.196.36.165\/product\/pokemon-squishmallow-pikachu-14\/"},"modified":"2025-07-01T09:58:21","modified_gmt":"2025-07-01T09:58:21","slug":"pokemon-squishmallow-pikachu-14","status":"publish","type":"product","link":"http:\/\/52.28.122.190\/ar\/product\/pokemon-squishmallow-pikachu-14\/","title":{"rendered":"Pokemon Squishmallow Pikachu 14&#8243;"},"content":{"rendered":"<p>Everyone\u2019s favourite Ghost-type and Electric-type Pok\u00e9mon are joining the Squishmallows Squad, Gengar &amp; Pikachu! These ultra-collectible, ultra-squeezable Pok\u00e9mon plush is made with soft, high-quality materials. These Pok\u00e9mon collectibles are perfect to snuggle with during long car rides, sleepovers, and any other moment in your Pok\u00e9mon journey! These authentic Squishmallows plush are easy to clean, hand wash, then air dry. Squad up with your favorite Pok\u00e9mon! Join the Squad! Officially licensed by The Pok\u00e9mon Company International!<\/p>","protected":false},"excerpt":{"rendered":"<p>Everyone\u2019s favourite Ghost-type and Electric-type Pok\u00e9mon are joining the Squishmallows Squad, Gengar &amp; Pikachu! These ultra-collectible, ultra-squeezable Pok\u00e9mon plush is made with soft, high-quality materials. These Pok\u00e9mon collectibles are perfect to snuggle with during long car rides, sleepovers, and any other moment in your Pok\u00e9mon journey! These authentic Squishmallows plush are easy to clean, hand [&hellip;]<\/p>","protected":false},"featured_media":56586,"comment_status":"open","ping_status":"closed","template":"","meta":{"_acf_changed":false},"product_brand":[4188],"product_cat":[4160],"product_tag":[4181],"class_list":{"0":"post-39886","1":"product","2":"type-product","3":"status-publish","4":"has-post-thumbnail","6":"product_brand-pokemon","7":"product_cat-soft-toys","8":"product_tag-pokemon","10":"first","11":"outofstock","12":"purchasable","13":"product-type-simple"},"acf":[],"_links":{"self":[{"href":"http:\/\/52.28.122.190\/ar\/wp-json\/wp\/v2\/product\/39886","targetHints":{"allow":["GET"]}}],"collection":[{"href":"http:\/\/52.28.122.190\/ar\/wp-json\/wp\/v2\/product"}],"about":[{"href":"http:\/\/52.28.122.190\/ar\/wp-json\/wp\/v2\/types\/product"}],"replies":[{"embeddable":true,"href":"http:\/\/52.28.122.190\/ar\/wp-json\/wp\/v2\/comments?post=39886"}],"wp:featuredmedia":[{"embeddable":true,"href":"http:\/\/52.28.122.190\/ar\/wp-json\/wp\/v2\/media\/56586"}],"wp:attachment":[{"href":"http:\/\/52.28.122.190\/ar\/wp-json\/wp\/v2\/media?parent=39886"}],"wp:term":[{"taxonomy":"product_brand","embeddable":true,"href":"http:\/\/52.28.122.190\/ar\/wp-json\/wp\/v2\/product_brand?post=39886"},{"taxonomy":"product_cat","embeddable":true,"href":"http:\/\/52.28.122.190\/ar\/wp-json\/wp\/v2\/product_cat?post=39886"},{"taxonomy":"product_tag","embeddable":true,"href":"http:\/\/52.28.122.190\/ar\/wp-json\/wp\/v2\/product_tag?post=39886"}],"curies":[{"name":"\u062f\u0628\u0644\u064a\u0648 \u0628\u064a","href":"https:\/\/api.w.org\/{rel}","templated":true}]}}