{"id":39040,"date":"2025-06-17T13:02:56","date_gmt":"2025-06-17T13:02:56","guid":{"rendered":"http:\/\/18.196.36.165\/product\/pokemon-cary-case-battle-desert-playset\/"},"modified":"2025-06-25T06:16:52","modified_gmt":"2025-06-25T06:16:52","slug":"pokemon-cary-case-battle-desert-playset","status":"publish","type":"product","link":"http:\/\/52.28.122.190\/ar\/product\/pokemon-cary-case-battle-desert-playset\/","title":{"rendered":"\u0637\u0642\u0645 \u0623\u0644\u0639\u0627\u0628 \u0628\u0648\u0643\u064a\u0645\u0648\u0646 \u0643\u0627\u0631\u064a \u0643\u064a\u0633 \u0643\u0627\u0631\u064a \u0645\u0639\u0631\u0643\u0629 \u0627\u0644\u0635\u062d\u0631\u0627\u0621"},"content":{"rendered":"<p>Discover the world of Pok\u00e9mon and bring it with you wherever you go with the Pok\u00e9mon Carry Case Playset! With tons of features like a bounding boulder, treetop trap door, battle area, hidden cave, spinning whirlpool and more, the Pok\u00e9mon World has never been brought to life quite like this! The Pok\u00e9mon Carry Case Playset is scaled for any 5-cm Pok\u00e9mon figure and folds up easily into an iconic backpack!<\/p>","protected":false},"excerpt":{"rendered":"<p>Discover the world of Pok\u00e9mon and bring it with you wherever you go with the Pok\u00e9mon Carry Case Playset! With tons of features like a bounding boulder, treetop trap door, battle area, hidden cave, spinning whirlpool and more, the Pok\u00e9mon World has never been brought to life quite like this! The Pok\u00e9mon Carry Case Playset [&hellip;]<\/p>","protected":false},"featured_media":51592,"comment_status":"open","ping_status":"closed","template":"","meta":{"_acf_changed":false},"product_brand":[4188],"product_cat":[4164],"product_tag":[4181],"class_list":{"0":"post-39040","1":"product","2":"type-product","3":"status-publish","4":"has-post-thumbnail","6":"product_brand-pokemon","7":"product_cat-collectibles","8":"product_tag-pokemon","10":"first","11":"outofstock","12":"purchasable","13":"product-type-simple"},"acf":[],"_links":{"self":[{"href":"http:\/\/52.28.122.190\/ar\/wp-json\/wp\/v2\/product\/39040","targetHints":{"allow":["GET"]}}],"collection":[{"href":"http:\/\/52.28.122.190\/ar\/wp-json\/wp\/v2\/product"}],"about":[{"href":"http:\/\/52.28.122.190\/ar\/wp-json\/wp\/v2\/types\/product"}],"replies":[{"embeddable":true,"href":"http:\/\/52.28.122.190\/ar\/wp-json\/wp\/v2\/comments?post=39040"}],"wp:featuredmedia":[{"embeddable":true,"href":"http:\/\/52.28.122.190\/ar\/wp-json\/wp\/v2\/media\/51592"}],"wp:attachment":[{"href":"http:\/\/52.28.122.190\/ar\/wp-json\/wp\/v2\/media?parent=39040"}],"wp:term":[{"taxonomy":"product_brand","embeddable":true,"href":"http:\/\/52.28.122.190\/ar\/wp-json\/wp\/v2\/product_brand?post=39040"},{"taxonomy":"product_cat","embeddable":true,"href":"http:\/\/52.28.122.190\/ar\/wp-json\/wp\/v2\/product_cat?post=39040"},{"taxonomy":"product_tag","embeddable":true,"href":"http:\/\/52.28.122.190\/ar\/wp-json\/wp\/v2\/product_tag?post=39040"}],"curies":[{"name":"\u062f\u0628\u0644\u064a\u0648 \u0628\u064a","href":"https:\/\/api.w.org\/{rel}","templated":true}]}}